{"id":13563,"date":"2025-09-09T16:36:29","date_gmt":"2025-09-09T14:36:29","guid":{"rendered":"https:\/\/divochi.com\/?post_type=product&#038;p=13563"},"modified":"2026-04-12T02:00:45","modified_gmt":"2026-04-12T00:00:45","slug":"tasma-papierowa-5-m","status":"publish","type":"product","link":"https:\/\/divochi.com\/en\/shop\/tasma-papierowa-5-m\/","title":{"rendered":"Ta\u015bma papierowa (5 m)"},"content":{"rendered":"<h2 data-start=\"34\" data-end=\"60\">Ta\u015bma papierowa (5 m)<\/h2>\n<p data-start=\"62\" data-end=\"288\">Ta\u015bma papierowa to niezb\u0119dne akcesorium dla stylistek rz\u0119s, kt\u00f3re pomaga mocowa\u0107 materia\u0142y i chroni\u0107 sk\u00f3r\u0119 podczas zabiegu. \u0141atwo odrywa si\u0119 r\u0119cznie i pozwala precyzyjnie dozowa\u0107 d\u0142ugo\u015b\u0107, co zapewnia maksymaln\u0105 wygod\u0119 pracy.<\/p>\n<p data-start=\"290\" data-end=\"493\">Ta\u015bma wykonana jest z trwa\u0142ego i hipoalergicznego papieru, co pozwala pracowa\u0107 starannie i bezpiecznie dla klientki. D\u0142ugo\u015b\u0107 rolki <strong data-start=\"421\" data-end=\"433\">5 metr\u00f3w<\/strong> zapewnia wystarczaj\u0105c\u0105 ilo\u015b\u0107 materia\u0142u do wielu zabieg\u00f3w.<\/p>\n<p data-start=\"495\" data-end=\"574\">Idealny wyb\u00f3r dla stylistek ceni\u0105cych precyzj\u0119, wygod\u0119 i efektywno\u015b\u0107 pracy.<\/p>","protected":false},"excerpt":{"rendered":"<p>Ta\u015bma papierowa (5 m) Ta\u015bma papierowa to niezb\u0119dne akcesorium dla stylistek rz\u0119s, kt\u00f3re pomaga mocowa\u0107 materia\u0142y i chroni\u0107 sk\u00f3r\u0119 podczas<\/p>","protected":false},"featured_media":13629,"comment_status":"closed","ping_status":"closed","template":"","meta":[],"product_brand":[],"product_cat":[130],"product_tag":[],"class_list":{"0":"post-13563","1":"product","2":"type-product","3":"status-publish","4":"has-post-thumbnail","6":"product_cat-application-tools","8":"first","9":"instock","10":"taxable","11":"shipping-taxable","12":"purchasable","13":"product-type-simple"},"_links":{"self":[{"href":"https:\/\/divochi.com\/en\/wp-json\/wp\/v2\/product\/13563","targetHints":{"allow":["GET"]}}],"collection":[{"href":"https:\/\/divochi.com\/en\/wp-json\/wp\/v2\/product"}],"about":[{"href":"https:\/\/divochi.com\/en\/wp-json\/wp\/v2\/types\/product"}],"replies":[{"embeddable":true,"href":"https:\/\/divochi.com\/en\/wp-json\/wp\/v2\/comments?post=13563"}],"version-history":[{"count":0,"href":"https:\/\/divochi.com\/en\/wp-json\/wp\/v2\/product\/13563\/revisions"}],"wp:featuredmedia":[{"embeddable":true,"href":"https:\/\/divochi.com\/en\/wp-json\/wp\/v2\/media\/13629"}],"wp:attachment":[{"href":"https:\/\/divochi.com\/en\/wp-json\/wp\/v2\/media?parent=13563"}],"wp:term":[{"taxonomy":"product_brand","embeddable":true,"href":"https:\/\/divochi.com\/en\/wp-json\/wp\/v2\/product_brand?post=13563"},{"taxonomy":"product_cat","embeddable":true,"href":"https:\/\/divochi.com\/en\/wp-json\/wp\/v2\/product_cat?post=13563"},{"taxonomy":"product_tag","embeddable":true,"href":"https:\/\/divochi.com\/en\/wp-json\/wp\/v2\/product_tag?post=13563"}],"curies":[{"name":"wp","href":"https:\/\/api.w.org\/{rel}","templated":true}]}}