{"id":13569,"date":"2025-09-09T16:37:20","date_gmt":"2025-09-09T14:37:20","guid":{"rendered":"https:\/\/divochi.com\/?post_type=product&#038;p=13569"},"modified":"2026-04-12T02:00:46","modified_gmt":"2026-04-12T00:00:46","slug":"pierscien-do-kleju","status":"publish","type":"product","link":"https:\/\/divochi.com\/en\/shop\/pierscien-do-kleju\/","title":{"rendered":"Pier\u015bcie\u0144 do kleju 10 szt"},"content":{"rendered":"<h2 data-start=\"34\" data-end=\"61\">Du\u017cy pier\u015bcie\u0144 na klej<\/h2>\n<p data-start=\"63\" data-end=\"359\">Du\u017cy pier\u015bcie\u0144 na klej to wygodny akcesorium, kt\u00f3re sprawia, \u017ce proces przed\u0142u\u017cania rz\u0119s jest jeszcze bardziej komfortowy i szybki. Dzi\u0119ki nieco wi\u0119kszym rozmiarom w por\u00f3wnaniu z p\u0142askim pier\u015bcieniem, pozwala \u0142atwo kontrolowa\u0107 ilo\u015b\u0107 kleju i pracowa\u0107 precyzyjnie, nawet przy du\u017cych obj\u0119to\u015bciach.<\/p>\n<p data-start=\"361\" data-end=\"528\">Akcesorium mocowane jest bezpo\u015brednio na palcu, dzi\u0119ki czemu klej jest zawsze pod r\u0119k\u0105 podczas zabiegu. To znacznie oszcz\u0119dza czas i zapewnia wygod\u0119 pracy stylistki.<\/p>\n<p>Idealny wyb\u00f3r dla os\u00f3b ceni\u0105cych komfort, szybko\u015b\u0107 i precyzj\u0119 w pracy.<\/p>","protected":false},"excerpt":{"rendered":"<p>Du\u017cy pier\u015bcie\u0144 na klej Du\u017cy pier\u015bcie\u0144 na klej to wygodny akcesorium, kt\u00f3re sprawia, \u017ce proces przed\u0142u\u017cania rz\u0119s jest jeszcze bardziej<\/p>","protected":false},"featured_media":13639,"comment_status":"closed","ping_status":"closed","template":"","meta":[],"product_brand":[],"product_cat":[130],"product_tag":[],"class_list":{"0":"post-13569","1":"product","2":"type-product","3":"status-publish","4":"has-post-thumbnail","6":"product_cat-application-tools","8":"first","9":"instock","10":"taxable","11":"shipping-taxable","12":"purchasable","13":"product-type-simple"},"_links":{"self":[{"href":"https:\/\/divochi.com\/en\/wp-json\/wp\/v2\/product\/13569","targetHints":{"allow":["GET"]}}],"collection":[{"href":"https:\/\/divochi.com\/en\/wp-json\/wp\/v2\/product"}],"about":[{"href":"https:\/\/divochi.com\/en\/wp-json\/wp\/v2\/types\/product"}],"replies":[{"embeddable":true,"href":"https:\/\/divochi.com\/en\/wp-json\/wp\/v2\/comments?post=13569"}],"version-history":[{"count":0,"href":"https:\/\/divochi.com\/en\/wp-json\/wp\/v2\/product\/13569\/revisions"}],"wp:featuredmedia":[{"embeddable":true,"href":"https:\/\/divochi.com\/en\/wp-json\/wp\/v2\/media\/13639"}],"wp:attachment":[{"href":"https:\/\/divochi.com\/en\/wp-json\/wp\/v2\/media?parent=13569"}],"wp:term":[{"taxonomy":"product_brand","embeddable":true,"href":"https:\/\/divochi.com\/en\/wp-json\/wp\/v2\/product_brand?post=13569"},{"taxonomy":"product_cat","embeddable":true,"href":"https:\/\/divochi.com\/en\/wp-json\/wp\/v2\/product_cat?post=13569"},{"taxonomy":"product_tag","embeddable":true,"href":"https:\/\/divochi.com\/en\/wp-json\/wp\/v2\/product_tag?post=13569"}],"curies":[{"name":"wp","href":"https:\/\/api.w.org\/{rel}","templated":true}]}}