{"id":13571,"date":"2025-09-09T16:37:40","date_gmt":"2025-09-09T14:37:40","guid":{"rendered":"https:\/\/divochi.com\/?post_type=product&#038;p=13571"},"modified":"2026-04-11T14:00:45","modified_gmt":"2026-04-11T12:00:45","slug":"pierscien-do-kleju-serce","status":"publish","type":"product","link":"https:\/\/divochi.com\/en\/shop\/pierscien-do-kleju-serce\/","title":{"rendered":"Pier\u015bcie\u0144 do kleju 10 szt, serce"},"content":{"rendered":"<h2 data-start=\"34\" data-end=\"64\">Pier\u015bcie\u0144 na klej \u201eSerce\u201d<\/h2>\n<p data-start=\"66\" data-end=\"305\">Inspiruj\u0105cy i stylowy pier\u015bcie\u0144 na klej w kszta\u0142cie serca \u2013 niezast\u0105piony dodatek dla stylistki przed\u0142u\u017caj\u0105cej rz\u0119sy. Dzi\u0119ki wygodnemu mocowaniu na palcu, klej jest zawsze pod r\u0119k\u0105, co sprawia, \u017ce praca staje si\u0119 komfortowa i precyzyjna.<\/p>\n<p data-start=\"307\" data-end=\"420\">Kszta\u0142t serca dodaje tw\u00f3rczego nastroju podczas zabiegu i sprawia, \u017ce proces pracy jest przyjemny i estetyczny.<\/p>\n<p>Idealny wyb\u00f3r dla stylistek, kt\u00f3re ceni\u0105 sobie komfort, styl i praktyczno\u015b\u0107 w pracy.<\/p>","protected":false},"excerpt":{"rendered":"<p>Pier\u015bcie\u0144 na klej \u201eSerce\u201d Inspiruj\u0105cy i stylowy pier\u015bcie\u0144 na klej w kszta\u0142cie serca \u2013 niezast\u0105piony dodatek dla stylistki przed\u0142u\u017caj\u0105cej rz\u0119sy.<\/p>","protected":false},"featured_media":13727,"comment_status":"closed","ping_status":"closed","template":"","meta":[],"product_brand":[],"product_cat":[130],"product_tag":[],"class_list":{"0":"post-13571","1":"product","2":"type-product","3":"status-publish","4":"has-post-thumbnail","6":"product_cat-application-tools","8":"first","9":"instock","10":"taxable","11":"shipping-taxable","12":"purchasable","13":"product-type-simple"},"_links":{"self":[{"href":"https:\/\/divochi.com\/en\/wp-json\/wp\/v2\/product\/13571","targetHints":{"allow":["GET"]}}],"collection":[{"href":"https:\/\/divochi.com\/en\/wp-json\/wp\/v2\/product"}],"about":[{"href":"https:\/\/divochi.com\/en\/wp-json\/wp\/v2\/types\/product"}],"replies":[{"embeddable":true,"href":"https:\/\/divochi.com\/en\/wp-json\/wp\/v2\/comments?post=13571"}],"version-history":[{"count":0,"href":"https:\/\/divochi.com\/en\/wp-json\/wp\/v2\/product\/13571\/revisions"}],"wp:featuredmedia":[{"embeddable":true,"href":"https:\/\/divochi.com\/en\/wp-json\/wp\/v2\/media\/13727"}],"wp:attachment":[{"href":"https:\/\/divochi.com\/en\/wp-json\/wp\/v2\/media?parent=13571"}],"wp:term":[{"taxonomy":"product_brand","embeddable":true,"href":"https:\/\/divochi.com\/en\/wp-json\/wp\/v2\/product_brand?post=13571"},{"taxonomy":"product_cat","embeddable":true,"href":"https:\/\/divochi.com\/en\/wp-json\/wp\/v2\/product_cat?post=13571"},{"taxonomy":"product_tag","embeddable":true,"href":"https:\/\/divochi.com\/en\/wp-json\/wp\/v2\/product_tag?post=13571"}],"curies":[{"name":"wp","href":"https:\/\/api.w.org\/{rel}","templated":true}]}}