{"id":13575,"date":"2025-09-09T16:39:12","date_gmt":"2025-09-09T14:39:12","guid":{"rendered":"https:\/\/divochi.com\/?post_type=product&#038;p=13575"},"modified":"2026-04-11T14:00:44","modified_gmt":"2026-04-11T12:00:44","slug":"tasma-japonska","status":"publish","type":"product","link":"https:\/\/divochi.com\/en\/shop\/tasma-japonska\/","title":{"rendered":"Ta\u015bma japo\u0144ska"},"content":{"rendered":"<h2 data-start=\"34\" data-end=\"61\">Japo\u0144ska ta\u015bma do rz\u0119s<\/h2>\n<p data-start=\"63\" data-end=\"301\">Japo\u0144ska ta\u015bma do rz\u0119s to niezast\u0105pione akcesorium dla stylistki, kt\u00f3ra ceni precyzj\u0119 i komfort podczas zabiegu przed\u0142u\u017cania rz\u0119s. Delikatnie i pewnie utrzymuje dolne rz\u0119sy, nie uszkadzaj\u0105c sk\u00f3ry i nie pozostawiaj\u0105c \u015blad\u00f3w po usuni\u0119ciu.<\/p>\n<p data-start=\"303\" data-end=\"534\">Ta\u015bma wykonana jest z hipoalergicznego materia\u0142u wysokiej jako\u015bci, dzi\u0119ki czemu nadaje si\u0119 nawet dla wra\u017cliwej sk\u00f3ry klientki. \u0141atwe odklejanie i doskona\u0142a przyczepno\u015b\u0107 pozwalaj\u0105 stylistce pracowa\u0107 szybko, wygodnie i precyzyjnie.<\/p>\n<p data-start=\"536\" data-end=\"622\">Idealny wyb\u00f3r dla profesjonalnego przed\u0142u\u017cania rz\u0119s i komfortowej pracy stylistki.<\/p>","protected":false},"excerpt":{"rendered":"<p>Japo\u0144ska ta\u015bma do rz\u0119s Japo\u0144ska ta\u015bma do rz\u0119s to niezast\u0105pione akcesorium dla stylistki, kt\u00f3ra ceni precyzj\u0119 i komfort podczas zabiegu<\/p>","protected":false},"featured_media":13725,"comment_status":"closed","ping_status":"closed","template":"","meta":[],"product_brand":[],"product_cat":[130],"product_tag":[],"class_list":{"0":"post-13575","1":"product","2":"type-product","3":"status-publish","4":"has-post-thumbnail","6":"product_cat-application-tools","8":"first","9":"instock","10":"taxable","11":"shipping-taxable","12":"purchasable","13":"product-type-simple"},"_links":{"self":[{"href":"https:\/\/divochi.com\/en\/wp-json\/wp\/v2\/product\/13575","targetHints":{"allow":["GET"]}}],"collection":[{"href":"https:\/\/divochi.com\/en\/wp-json\/wp\/v2\/product"}],"about":[{"href":"https:\/\/divochi.com\/en\/wp-json\/wp\/v2\/types\/product"}],"replies":[{"embeddable":true,"href":"https:\/\/divochi.com\/en\/wp-json\/wp\/v2\/comments?post=13575"}],"version-history":[{"count":0,"href":"https:\/\/divochi.com\/en\/wp-json\/wp\/v2\/product\/13575\/revisions"}],"wp:featuredmedia":[{"embeddable":true,"href":"https:\/\/divochi.com\/en\/wp-json\/wp\/v2\/media\/13725"}],"wp:attachment":[{"href":"https:\/\/divochi.com\/en\/wp-json\/wp\/v2\/media?parent=13575"}],"wp:term":[{"taxonomy":"product_brand","embeddable":true,"href":"https:\/\/divochi.com\/en\/wp-json\/wp\/v2\/product_brand?post=13575"},{"taxonomy":"product_cat","embeddable":true,"href":"https:\/\/divochi.com\/en\/wp-json\/wp\/v2\/product_cat?post=13575"},{"taxonomy":"product_tag","embeddable":true,"href":"https:\/\/divochi.com\/en\/wp-json\/wp\/v2\/product_tag?post=13575"}],"curies":[{"name":"wp","href":"https:\/\/api.w.org\/{rel}","templated":true}]}}