{"id":13581,"date":"2025-09-09T16:40:01","date_gmt":"2025-09-09T14:40:01","guid":{"rendered":"https:\/\/divochi.com\/?post_type=product&#038;p=13581"},"modified":"2026-04-12T02:00:46","modified_gmt":"2026-04-12T00:00:46","slug":"termohigrometr","status":"publish","type":"product","link":"https:\/\/divochi.com\/en\/shop\/termohigrometr\/","title":{"rendered":"Thermohygrometer"},"content":{"rendered":"<h2 data-start=\"34\" data-end=\"53\">Thermohygrometer<\/h2>\n<p data-start=\"55\" data-end=\"354\">Termohigrometr to niezast\u0105pione narz\u0119dzie dla stylistek rz\u0119s, kt\u00f3re pozwala precyzyjnie kontrolowa\u0107 temperatur\u0119 i wilgotno\u015b\u0107 w miejscu pracy. Jest to istotne dla zapewnienia idealnych warunk\u00f3w, poniewa\u017c od temperatury i wilgotno\u015bci zale\u017cy szybko\u015b\u0107 schni\u0119cia kleju oraz trwa\u0142o\u015b\u0107 przed\u0142u\u017conych rz\u0119s.<\/p>\n<p data-start=\"356\" data-end=\"492\">Kompaktowy i wygodny w u\u017cyciu termohigrometr umo\u017cliwia szybkie i dok\u0142adne odczyty, zapewniaj\u0105c pe\u0142n\u0105 kontrol\u0119 nad przebiegiem zabiegu.<\/p>\n<p data-start=\"494\" data-end=\"600\">Idealne akcesorium do tworzenia optymalnych warunk\u00f3w i zapewnienia stabilnego, profesjonalnego efektu.<\/p>","protected":false},"excerpt":{"rendered":"<p>Termohigrometr Termohigrometr to niezast\u0105pione narz\u0119dzie dla stylistek rz\u0119s, kt\u00f3re pozwala precyzyjnie kontrolowa\u0107 temperatur\u0119 i wilgotno\u015b\u0107 w miejscu pracy. Jest to<\/p>","protected":false},"featured_media":13724,"comment_status":"closed","ping_status":"closed","template":"","meta":[],"product_brand":[],"product_cat":[130],"product_tag":[],"class_list":{"0":"post-13581","1":"product","2":"type-product","3":"status-publish","4":"has-post-thumbnail","6":"product_cat-application-tools","8":"first","9":"instock","10":"taxable","11":"shipping-taxable","12":"purchasable","13":"product-type-simple"},"_links":{"self":[{"href":"https:\/\/divochi.com\/en\/wp-json\/wp\/v2\/product\/13581","targetHints":{"allow":["GET"]}}],"collection":[{"href":"https:\/\/divochi.com\/en\/wp-json\/wp\/v2\/product"}],"about":[{"href":"https:\/\/divochi.com\/en\/wp-json\/wp\/v2\/types\/product"}],"replies":[{"embeddable":true,"href":"https:\/\/divochi.com\/en\/wp-json\/wp\/v2\/comments?post=13581"}],"version-history":[{"count":0,"href":"https:\/\/divochi.com\/en\/wp-json\/wp\/v2\/product\/13581\/revisions"}],"wp:featuredmedia":[{"embeddable":true,"href":"https:\/\/divochi.com\/en\/wp-json\/wp\/v2\/media\/13724"}],"wp:attachment":[{"href":"https:\/\/divochi.com\/en\/wp-json\/wp\/v2\/media?parent=13581"}],"wp:term":[{"taxonomy":"product_brand","embeddable":true,"href":"https:\/\/divochi.com\/en\/wp-json\/wp\/v2\/product_brand?post=13581"},{"taxonomy":"product_cat","embeddable":true,"href":"https:\/\/divochi.com\/en\/wp-json\/wp\/v2\/product_cat?post=13581"},{"taxonomy":"product_tag","embeddable":true,"href":"https:\/\/divochi.com\/en\/wp-json\/wp\/v2\/product_tag?post=13581"}],"curies":[{"name":"wp","href":"https:\/\/api.w.org\/{rel}","templated":true}]}}