{"id":13587,"date":"2025-09-09T16:40:51","date_gmt":"2025-09-09T14:40:51","guid":{"rendered":"https:\/\/divochi.com\/?post_type=product&#038;p=13587"},"modified":"2026-04-11T14:00:45","modified_gmt":"2026-04-11T12:00:45","slug":"platki-hydrozelowe-50-szt","status":"publish","type":"product","link":"https:\/\/divochi.com\/en\/shop\/platki-hydrozelowe-50-szt\/","title":{"rendered":"P\u0142atki hydro\u017celowe (50 szt.)"},"content":{"rendered":"<h2 data-start=\"34\" data-end=\"76\">Hydro\u017celowe p\u0142atki pod oczy (50 szt.)<\/h2>\n<p data-start=\"78\" data-end=\"276\">Hydro\u017celowe p\u0142atki pod oczy to niezast\u0105piony \u015brodek do piel\u0119gnacji i komfortu podczas przed\u0142u\u017cania rz\u0119s. Chroni\u0105 delikatn\u0105 sk\u00f3r\u0119 pod oczami, zapobiegaj\u0105c kontaktowi kleju ze sk\u00f3r\u0105 i podra\u017cnieniom.<\/p>\n<p data-start=\"278\" data-end=\"547\">P\u0142atki wykonane s\u0105 z mi\u0119kkiego hydro\u017celu, kt\u00f3ry dobrze przylega do sk\u00f3ry, zapewnia efekt ch\u0142odzenia oraz pomaga zmniejszy\u0107 opuchlizn\u0119 i zm\u0119czenie oczu. Du\u017ce opakowanie (50 szt.) pozwala na przeprowadzanie wielu zabieg\u00f3w bez konieczno\u015bci cz\u0119stego uzupe\u0142niania zapas\u00f3w.<\/p>\n<p data-start=\"549\" data-end=\"638\">Idealne akcesorium do bezpiecznego, komfortowego i profesjonalnego przed\u0142u\u017cania rz\u0119s.<\/p>","protected":false},"excerpt":{"rendered":"<p>Hydro\u017celowe p\u0142atki pod oczy (50 szt.) Hydro\u017celowe p\u0142atki pod oczy to niezast\u0105piony \u015brodek do piel\u0119gnacji i komfortu podczas przed\u0142u\u017cania rz\u0119s.<\/p>","protected":false},"featured_media":13730,"comment_status":"closed","ping_status":"closed","template":"","meta":[],"product_brand":[],"product_cat":[130],"product_tag":[],"class_list":{"0":"post-13587","1":"product","2":"type-product","3":"status-publish","4":"has-post-thumbnail","6":"product_cat-application-tools","8":"first","9":"instock","10":"taxable","11":"shipping-taxable","12":"purchasable","13":"product-type-simple"},"_links":{"self":[{"href":"https:\/\/divochi.com\/en\/wp-json\/wp\/v2\/product\/13587","targetHints":{"allow":["GET"]}}],"collection":[{"href":"https:\/\/divochi.com\/en\/wp-json\/wp\/v2\/product"}],"about":[{"href":"https:\/\/divochi.com\/en\/wp-json\/wp\/v2\/types\/product"}],"replies":[{"embeddable":true,"href":"https:\/\/divochi.com\/en\/wp-json\/wp\/v2\/comments?post=13587"}],"version-history":[{"count":0,"href":"https:\/\/divochi.com\/en\/wp-json\/wp\/v2\/product\/13587\/revisions"}],"wp:featuredmedia":[{"embeddable":true,"href":"https:\/\/divochi.com\/en\/wp-json\/wp\/v2\/media\/13730"}],"wp:attachment":[{"href":"https:\/\/divochi.com\/en\/wp-json\/wp\/v2\/media?parent=13587"}],"wp:term":[{"taxonomy":"product_brand","embeddable":true,"href":"https:\/\/divochi.com\/en\/wp-json\/wp\/v2\/product_brand?post=13587"},{"taxonomy":"product_cat","embeddable":true,"href":"https:\/\/divochi.com\/en\/wp-json\/wp\/v2\/product_cat?post=13587"},{"taxonomy":"product_tag","embeddable":true,"href":"https:\/\/divochi.com\/en\/wp-json\/wp\/v2\/product_tag?post=13587"}],"curies":[{"name":"wp","href":"https:\/\/api.w.org\/{rel}","templated":true}]}}