{"id":13589,"date":"2025-09-09T16:41:06","date_gmt":"2025-09-09T14:41:06","guid":{"rendered":"https:\/\/divochi.com\/?post_type=product&#038;p=13589"},"modified":"2026-04-11T14:00:45","modified_gmt":"2026-04-11T12:00:45","slug":"mikroszczoteczki-w-opakowaniu-100-szt","status":"publish","type":"product","link":"https:\/\/divochi.com\/en\/shop\/mikroszczoteczki-w-opakowaniu-100-szt\/","title":{"rendered":"Mikroszczoteczki w opakowaniu (100 szt.)"},"content":{"rendered":"<h2 data-start=\"34\" data-end=\"76\">Mikrop\u0119dzelki w opakowaniu (100 szt.)<\/h2>\n<p data-start=\"78\" data-end=\"347\">Mikrop\u0119dzelki to niezast\u0105pione akcesorium do precyzyjnego nak\u0142adania kleju, removera lub innych p\u0142ynnych preparat\u00f3w podczas przed\u0142u\u017cania rz\u0119s. Umo\u017cliwiaj\u0105 higieniczn\u0105 i dok\u0142adn\u0105 prac\u0119 nawet w trudno dost\u0119pnych miejscach, zapewniaj\u0105c czysto\u015b\u0107 i kontrol\u0119 ka\u017cdego ruchu.<\/p>\n<p data-start=\"349\" data-end=\"572\">W opakowaniu znajduje si\u0119 <strong data-start=\"375\" data-end=\"388\">100 sztuk<\/strong>, co czyni je wygodnymi do wielokrotnego u\u017cycia w salonie lub podczas szkole\u0144. Mikrop\u0119dzelki wykonane s\u0105 z wysokiej jako\u015bci materia\u0142u, kt\u00f3ry si\u0119 nie rozpada i nie pozostawia w\u0142\u00f3kien.<\/p>\n<p data-start=\"574\" data-end=\"666\">Idealny wyb\u00f3r dla profesjonalistek, kt\u00f3re ceni\u0105 precyzj\u0119, higien\u0119 i efektywno\u015b\u0107 w pracy.<\/p>","protected":false},"excerpt":{"rendered":"<p>Mikrop\u0119dzelki w opakowaniu (100 szt.) Mikrop\u0119dzelki to niezast\u0105pione akcesorium do precyzyjnego nak\u0142adania kleju, removera lub innych p\u0142ynnych preparat\u00f3w podczas przed\u0142u\u017cania<\/p>","protected":false},"featured_media":13635,"comment_status":"closed","ping_status":"closed","template":"","meta":[],"product_brand":[],"product_cat":[130],"product_tag":[],"class_list":{"0":"post-13589","1":"product","2":"type-product","3":"status-publish","4":"has-post-thumbnail","6":"product_cat-application-tools","8":"first","9":"instock","10":"taxable","11":"shipping-taxable","12":"purchasable","13":"product-type-simple"},"_links":{"self":[{"href":"https:\/\/divochi.com\/en\/wp-json\/wp\/v2\/product\/13589","targetHints":{"allow":["GET"]}}],"collection":[{"href":"https:\/\/divochi.com\/en\/wp-json\/wp\/v2\/product"}],"about":[{"href":"https:\/\/divochi.com\/en\/wp-json\/wp\/v2\/types\/product"}],"replies":[{"embeddable":true,"href":"https:\/\/divochi.com\/en\/wp-json\/wp\/v2\/comments?post=13589"}],"version-history":[{"count":0,"href":"https:\/\/divochi.com\/en\/wp-json\/wp\/v2\/product\/13589\/revisions"}],"wp:featuredmedia":[{"embeddable":true,"href":"https:\/\/divochi.com\/en\/wp-json\/wp\/v2\/media\/13635"}],"wp:attachment":[{"href":"https:\/\/divochi.com\/en\/wp-json\/wp\/v2\/media?parent=13589"}],"wp:term":[{"taxonomy":"product_brand","embeddable":true,"href":"https:\/\/divochi.com\/en\/wp-json\/wp\/v2\/product_brand?post=13589"},{"taxonomy":"product_cat","embeddable":true,"href":"https:\/\/divochi.com\/en\/wp-json\/wp\/v2\/product_cat?post=13589"},{"taxonomy":"product_tag","embeddable":true,"href":"https:\/\/divochi.com\/en\/wp-json\/wp\/v2\/product_tag?post=13589"}],"curies":[{"name":"wp","href":"https:\/\/api.w.org\/{rel}","templated":true}]}}