{"id":13591,"date":"2025-09-09T16:41:25","date_gmt":"2025-09-09T14:41:25","guid":{"rendered":"https:\/\/divochi.com\/?post_type=product&#038;p=13591"},"modified":"2026-04-11T14:00:45","modified_gmt":"2026-04-11T12:00:45","slug":"aplikatory-pedzle-makro-brokatowe-50-szt","status":"publish","type":"product","link":"https:\/\/divochi.com\/en\/shop\/aplikatory-pedzle-makro-brokatowe-50-szt\/","title":{"rendered":"Aplikatory ( p\u0119dzle makro ) brokatowe (50 szt.)"},"content":{"rendered":"<h2 data-start=\"34\" data-end=\"79\">Aplikatory (makrop\u0119dzelki) (50 szt.)<\/h2>\n<p data-start=\"81\" data-end=\"386\">Aplikatory (makrop\u0119dzelki) to wygodne narz\u0119dzie do precyzyjnego i higienicznego nak\u0142adania r\u00f3\u017cnych preparat\u00f3w podczas przed\u0142u\u017cania rz\u0119s, takich jak klej, remover czy produkty piel\u0119gnacyjne. Pozwalaj\u0105 pracowa\u0107 starannie, nawet w trudno dost\u0119pnych miejscach, zapewniaj\u0105c maksymaln\u0105 kontrol\u0119 nad zabiegiem.<\/p>\n<p data-start=\"388\" data-end=\"621\">W opakowaniu znajduje si\u0119 <strong data-start=\"414\" data-end=\"426\">50 sztuk<\/strong>, co czyni je praktycznymi do profesjonalnego u\u017cytku w salonie lub podczas szkole\u0144. Wysokiej jako\u015bci materia\u0142 zapewnia niezawodno\u015b\u0107, nie pozostawia w\u0142\u00f3kien i \u0142atwo podlega utylizacji po u\u017cyciu.<\/p>\n<p data-start=\"623\" data-end=\"707\">Idealne akcesorium dla stylistek, kt\u00f3re ceni\u0105 precyzj\u0119, higien\u0119 i komfort pracy.<\/p>","protected":false},"excerpt":{"rendered":"<p>Aplikatory (makrop\u0119dzelki) (50 szt.) Aplikatory (makrop\u0119dzelki) to wygodne narz\u0119dzie do precyzyjnego i higienicznego nak\u0142adania r\u00f3\u017cnych preparat\u00f3w podczas przed\u0142u\u017cania rz\u0119s, takich<\/p>","protected":false},"featured_media":13637,"comment_status":"closed","ping_status":"closed","template":"","meta":[],"product_brand":[],"product_cat":[130],"product_tag":[],"class_list":{"0":"post-13591","1":"product","2":"type-product","3":"status-publish","4":"has-post-thumbnail","6":"product_cat-application-tools","8":"first","9":"instock","10":"taxable","11":"shipping-taxable","12":"purchasable","13":"product-type-simple"},"_links":{"self":[{"href":"https:\/\/divochi.com\/en\/wp-json\/wp\/v2\/product\/13591","targetHints":{"allow":["GET"]}}],"collection":[{"href":"https:\/\/divochi.com\/en\/wp-json\/wp\/v2\/product"}],"about":[{"href":"https:\/\/divochi.com\/en\/wp-json\/wp\/v2\/types\/product"}],"replies":[{"embeddable":true,"href":"https:\/\/divochi.com\/en\/wp-json\/wp\/v2\/comments?post=13591"}],"version-history":[{"count":0,"href":"https:\/\/divochi.com\/en\/wp-json\/wp\/v2\/product\/13591\/revisions"}],"wp:featuredmedia":[{"embeddable":true,"href":"https:\/\/divochi.com\/en\/wp-json\/wp\/v2\/media\/13637"}],"wp:attachment":[{"href":"https:\/\/divochi.com\/en\/wp-json\/wp\/v2\/media?parent=13591"}],"wp:term":[{"taxonomy":"product_brand","embeddable":true,"href":"https:\/\/divochi.com\/en\/wp-json\/wp\/v2\/product_brand?post=13591"},{"taxonomy":"product_cat","embeddable":true,"href":"https:\/\/divochi.com\/en\/wp-json\/wp\/v2\/product_cat?post=13591"},{"taxonomy":"product_tag","embeddable":true,"href":"https:\/\/divochi.com\/en\/wp-json\/wp\/v2\/product_tag?post=13591"}],"curies":[{"name":"wp","href":"https:\/\/api.w.org\/{rel}","templated":true}]}}