{"id":13766,"date":"2025-10-13T12:26:26","date_gmt":"2025-10-13T10:26:26","guid":{"rendered":"https:\/\/divochi.com\/?post_type=product&#038;p=13766"},"modified":"2026-04-12T10:00:50","modified_gmt":"2026-04-12T08:00:50","slug":"aktywator-kleju-divochi-15-ml","status":"publish","type":"product","link":"https:\/\/divochi.com\/en\/shop\/aktywator-kleju-divochi-15-ml\/","title":{"rendered":"Aktywator kleju, DIVOCHI, 15 ml"},"content":{"rendered":"<p>Przyspieszacz kleju, DIVOCHI, 15ml<\/p>\n<p>Przyspiesza czas utwardzania kleju, zapewniaj\u0105c szybsze i bardziej efektywne przed\u0142u\u017canie rz\u0119s. Idealny do pracy w warunkach wysokiej wilgotno\u015bci i zmniejsza nara\u017cenie na opary kleju.<\/p>\n<p>Advantages:<\/p>\n<p>Przyspiesza schni\u0119cie kleju<br \/>Zwi\u0119ksza efektywno\u015b\u0107 zabiegu przed\u0142u\u017cania rz\u0119s<br \/>Ogranicza wp\u0142yw opar\u00f3w kleju<br \/>Optymalny do stosowania w \u015brodowisku o wysokiej wilgotno\u015bci<\/p>\n<p>Sk\u0142ad: Distilled Water, Silanem Ethanol, Fragrance<\/p>\n<p>Spos\u00f3b u\u017cycia: Na\u0142\u00f3\u017c na podstaw\u0119 sztucznych rz\u0119s przed przyklejeniem.<\/p>\n<p>Przechowywanie: W ch\u0142odnym i ciemnym miejscu<br \/>Okres przydatno\u015bci: 2 lata<br \/>Data produkcji: patrz sp\u00f3d opakowania<br \/>Wyprodukowano w: Republice Korei<\/p>","protected":false},"excerpt":{"rendered":"<p>Przyspieszacz kleju, DIVOCHI, 15ml Przyspiesza czas utwardzania kleju, zapewniaj\u0105c szybsze i bardziej efektywne przed\u0142u\u017canie rz\u0119s. Idealny do pracy w warunkach<\/p>","protected":false},"featured_media":13920,"comment_status":"closed","ping_status":"closed","template":"","meta":[],"product_brand":[],"product_cat":[129],"product_tag":[],"class_list":{"0":"post-13766","1":"product","2":"type-product","3":"status-publish","4":"has-post-thumbnail","6":"product_cat-treatments","7":"pa_brand-divochi","9":"first","10":"instock","11":"taxable","12":"shipping-taxable","13":"purchasable","14":"product-type-simple"},"_links":{"self":[{"href":"https:\/\/divochi.com\/en\/wp-json\/wp\/v2\/product\/13766","targetHints":{"allow":["GET"]}}],"collection":[{"href":"https:\/\/divochi.com\/en\/wp-json\/wp\/v2\/product"}],"about":[{"href":"https:\/\/divochi.com\/en\/wp-json\/wp\/v2\/types\/product"}],"replies":[{"embeddable":true,"href":"https:\/\/divochi.com\/en\/wp-json\/wp\/v2\/comments?post=13766"}],"version-history":[{"count":0,"href":"https:\/\/divochi.com\/en\/wp-json\/wp\/v2\/product\/13766\/revisions"}],"wp:featuredmedia":[{"embeddable":true,"href":"https:\/\/divochi.com\/en\/wp-json\/wp\/v2\/media\/13920"}],"wp:attachment":[{"href":"https:\/\/divochi.com\/en\/wp-json\/wp\/v2\/media?parent=13766"}],"wp:term":[{"taxonomy":"product_brand","embeddable":true,"href":"https:\/\/divochi.com\/en\/wp-json\/wp\/v2\/product_brand?post=13766"},{"taxonomy":"product_cat","embeddable":true,"href":"https:\/\/divochi.com\/en\/wp-json\/wp\/v2\/product_cat?post=13766"},{"taxonomy":"product_tag","embeddable":true,"href":"https:\/\/divochi.com\/en\/wp-json\/wp\/v2\/product_tag?post=13766"}],"curies":[{"name":"wp","href":"https:\/\/api.w.org\/{rel}","templated":true}]}}