{"id":13778,"date":"2025-10-13T12:29:39","date_gmt":"2025-10-13T10:29:39","guid":{"rendered":"https:\/\/divochi.com\/?post_type=product&#038;p=13778"},"modified":"2026-04-12T14:00:52","modified_gmt":"2026-04-12T12:00:52","slug":"serum-rozane-divochi-5ml","status":"publish","type":"product","link":"https:\/\/divochi.com\/en\/shop\/serum-rozane-divochi-5ml\/","title":{"rendered":"Serum r\u00f3\u017cane, DIVOCHI, 5ml"},"content":{"rendered":"<p>Rose Serum DIVOCHI, 5 ml<\/p>\n<p>Description:<br \/>Serum do wzmocnienia, regeneracji i stymulacji wzrostu rz\u0119s. Lekka formu\u0142a na bazie keratyny, biotyny i olejku rozmarynowego od\u017cywia mieszki w\u0142osowe, zapobiega \u0142amliwo\u015bci oraz wspiera naturalny wzrost rz\u0119s. Produkt szybko si\u0119 wch\u0142ania, nie pozostawia lepko\u015bci i nadaje si\u0119 do codziennego stosowania.<\/p>\n<p>Advantages:<\/p>\n<p>Zawiera aktywne sk\u0142adniki: keratyn\u0119, biotyn\u0119, olejek rozmarynowy, ekstrakt z tui i pantenol.<\/p>\n<p>Wzmacnia i regeneruje rz\u0119sy, sprawiaj\u0105c, \u017ce staj\u0105 si\u0119 g\u0119stsze i zdrowsze.<\/p>\n<p>Nie zawiera olej\u00f3w \u2014 bezpieczne dla przed\u0142u\u017canych rz\u0119s.<\/p>\n<p>Wygodny aplikator umo\u017cliwia precyzyjne nak\u0142adanie wzd\u0142u\u017c linii rz\u0119s.<\/p>\n<p>Spos\u00f3b u\u017cycia:<br \/>Nak\u0142ada\u0107 serum raz dziennie (najlepiej wieczorem) wzd\u0142u\u017c linii czystych rz\u0119s. Nie sp\u0142ukiwa\u0107. Unika\u0107 kontaktu z oczami.<\/p>\n<p>Pojemno\u015b\u0107: 5 ml<br \/>Termin przydatno\u015bci: 12 miesi\u0119cy od otwarcia<br \/>Wyprodukowano w: Republice Korei<br \/>Przechowywa\u0107: w ch\u0142odnym i ciemnym miejscu<\/p>\n<p>\u00a0Odpowiednie do stosowania z przed\u0142u\u017canymi rz\u0119sami. Nie rozpuszcza kleju i nie wp\u0142ywa na trwa\u0142o\u015b\u0107 aplikacji.<\/p>","protected":false},"excerpt":{"rendered":"<p>Rose Serum DIVOCHI, 5 ml Opis:Serum do wzmocnienia, regeneracji i stymulacji wzrostu rz\u0119s. Lekka formu\u0142a na bazie keratyny, biotyny i<\/p>","protected":false},"featured_media":13918,"comment_status":"closed","ping_status":"closed","template":"","meta":[],"product_brand":[],"product_cat":[129],"product_tag":[],"class_list":{"0":"post-13778","1":"product","2":"type-product","3":"status-publish","4":"has-post-thumbnail","6":"product_cat-treatments","7":"pa_brand-divochi","9":"first","10":"instock","11":"taxable","12":"shipping-taxable","13":"purchasable","14":"product-type-simple"},"_links":{"self":[{"href":"https:\/\/divochi.com\/en\/wp-json\/wp\/v2\/product\/13778","targetHints":{"allow":["GET"]}}],"collection":[{"href":"https:\/\/divochi.com\/en\/wp-json\/wp\/v2\/product"}],"about":[{"href":"https:\/\/divochi.com\/en\/wp-json\/wp\/v2\/types\/product"}],"replies":[{"embeddable":true,"href":"https:\/\/divochi.com\/en\/wp-json\/wp\/v2\/comments?post=13778"}],"version-history":[{"count":0,"href":"https:\/\/divochi.com\/en\/wp-json\/wp\/v2\/product\/13778\/revisions"}],"wp:featuredmedia":[{"embeddable":true,"href":"https:\/\/divochi.com\/en\/wp-json\/wp\/v2\/media\/13918"}],"wp:attachment":[{"href":"https:\/\/divochi.com\/en\/wp-json\/wp\/v2\/media?parent=13778"}],"wp:term":[{"taxonomy":"product_brand","embeddable":true,"href":"https:\/\/divochi.com\/en\/wp-json\/wp\/v2\/product_brand?post=13778"},{"taxonomy":"product_cat","embeddable":true,"href":"https:\/\/divochi.com\/en\/wp-json\/wp\/v2\/product_cat?post=13778"},{"taxonomy":"product_tag","embeddable":true,"href":"https:\/\/divochi.com\/en\/wp-json\/wp\/v2\/product_tag?post=13778"}],"curies":[{"name":"wp","href":"https:\/\/api.w.org\/{rel}","templated":true}]}}