{"id":8951,"date":"2023-02-24T15:46:41","date_gmt":"2023-02-24T14:46:41","guid":{"rendered":"https:\/\/divochi.com\/shop\/shhitochka-dlya-vij-nejlonova-rozovyj\/"},"modified":"2026-04-11T10:00:46","modified_gmt":"2026-04-11T08:00:46","slug":"shhitochka-dlya-vij-nejlonova","status":"publish","type":"product","link":"https:\/\/divochi.com\/en\/shop\/shhitochka-dlya-vij-nejlonova\/","title":{"rendered":"Nylon eyelash brush (50 pcs.)"},"content":{"rendered":"<h2 data-start=\"34\" data-end=\"77\">Nylon eyelash brush (50 pcs.)<\/h2>\n<p data-start=\"79\" data-end=\"354\">Nylonowe szczoteczki do rz\u0119s to niezast\u0105pione narz\u0119dzie do starannego rozczesywania i uk\u0142adania sztucznych oraz naturalnych rz\u0119s podczas zabiegu przed\u0142u\u017cania. Pozwalaj\u0105 szybko rozdzieli\u0107 rz\u0119sy, nada\u0107 im odpowiedni kszta\u0142t i unikn\u0105\u0107 sklejania, zapewniaj\u0105c perfekcyjny efekt.<\/p>\n<p data-start=\"356\" data-end=\"570\">Szczoteczki wykonane s\u0105 z mi\u0119kkiego i wytrzyma\u0142ego nylonu, co gwarantuje trwa\u0142o\u015b\u0107 i komfort u\u017cytkowania. Du\u017ce opakowanie (50 szt.) zapewnia wystarczaj\u0105c\u0105 ilo\u015b\u0107 do profesjonalnej pracy i d\u0142ugotrwa\u0142ego u\u017cytkowania.<\/p>\n<p data-start=\"572\" data-end=\"650\">Praktyczne i higieniczne akcesorium dla profesjonalnego przed\u0142u\u017cania rz\u0119s.<\/p>","protected":false},"excerpt":{"rendered":"<p>Nylonowa szczoteczka do rz\u0119s (50 szt.) Nylonowe szczoteczki do rz\u0119s to niezast\u0105pione narz\u0119dzie do starannego rozczesywania i uk\u0142adania sztucznych oraz<\/p>","protected":false},"featured_media":9068,"comment_status":"closed","ping_status":"closed","template":"","meta":[],"product_brand":[],"product_cat":[130],"product_tag":[],"class_list":{"0":"post-8951","1":"product","2":"type-product","3":"status-publish","4":"has-post-thumbnail","6":"product_cat-application-tools","7":"pa_brand-divochi","9":"first","10":"instock","11":"purchasable","12":"product-type-simple"},"_links":{"self":[{"href":"https:\/\/divochi.com\/en\/wp-json\/wp\/v2\/product\/8951","targetHints":{"allow":["GET"]}}],"collection":[{"href":"https:\/\/divochi.com\/en\/wp-json\/wp\/v2\/product"}],"about":[{"href":"https:\/\/divochi.com\/en\/wp-json\/wp\/v2\/types\/product"}],"replies":[{"embeddable":true,"href":"https:\/\/divochi.com\/en\/wp-json\/wp\/v2\/comments?post=8951"}],"version-history":[{"count":0,"href":"https:\/\/divochi.com\/en\/wp-json\/wp\/v2\/product\/8951\/revisions"}],"wp:featuredmedia":[{"embeddable":true,"href":"https:\/\/divochi.com\/en\/wp-json\/wp\/v2\/media\/9068"}],"wp:attachment":[{"href":"https:\/\/divochi.com\/en\/wp-json\/wp\/v2\/media?parent=8951"}],"wp:term":[{"taxonomy":"product_brand","embeddable":true,"href":"https:\/\/divochi.com\/en\/wp-json\/wp\/v2\/product_brand?post=8951"},{"taxonomy":"product_cat","embeddable":true,"href":"https:\/\/divochi.com\/en\/wp-json\/wp\/v2\/product_cat?post=8951"},{"taxonomy":"product_tag","embeddable":true,"href":"https:\/\/divochi.com\/en\/wp-json\/wp\/v2\/product_tag?post=8951"}],"curies":[{"name":"wp","href":"https:\/\/api.w.org\/{rel}","templated":true}]}}